{"id":166,"date":"2010-11-24T16:43:54","date_gmt":"2010-11-24T16:43:54","guid":{"rendered":"http:\/\/www.targetintelligence.com.ar\/wordpress\/?page_id=166"},"modified":"2010-12-10T20:05:04","modified_gmt":"2010-12-10T20:05:04","slug":"166-2","status":"publish","type":"page","link":"https:\/\/www.targetintelligence.com.ar\/?page_id=166","title":{"rendered":"Consulting"},"content":{"rendered":"<p><img loading=\"lazy\" class=\"alignnone size-full wp-image-167\" src=\"http:\/\/www.targetintelligence.com.ar\/wordpress\/wp-content\/uploads\/2010\/11\/soluciones_bannerConsulting.jpg\" alt=\"\" width=\"882\" height=\"393\" srcset=\"https:\/\/www.targetintelligence.com.ar\/wp-content\/uploads\/2010\/11\/soluciones_bannerConsulting.jpg 882w, https:\/\/www.targetintelligence.com.ar\/wp-content\/uploads\/2010\/11\/soluciones_bannerConsulting-600x267.jpg 600w, https:\/\/www.targetintelligence.com.ar\/wp-content\/uploads\/2010\/11\/soluciones_bannerConsulting-300x133.jpg 300w\" sizes=\"(max-width: 882px) 100vw, 882px\" \/><\/p>\n<p>De acuerdo a las necesidades de nuestros clientes, desarrollamos consultor\u00edas a medida en temas de segmentaci\u00f3n, targeting y productividad.<\/p>\n<p>Ejemplos de consultor\u00edas que hemos llevado a cabo:<\/p>\n<ul>\n<li><span class=\"lst\">Segmentaci\u00f3n del target por velocidad de adopci\u00f3n de nuevos productos.<\/span><\/li>\n<li><span class=\"lst\">Categorizaci\u00f3n de m\u00e9dicos incorporando variables cuali y cuantitativas.<\/span><\/li>\n<li><span class=\"lst\">Determinaci\u00f3n de Efectividad del targeting.<\/span><\/li>\n<li><span class=\"lst\">Validaci\u00f3n del target actual de la compa\u00f1\u00eda.<\/span><\/li>\n<li><span class=\"lst\">Soporte en el tracking del targeting.<\/span><\/li>\n<li><span class=\"lst\">Tama\u00f1o de fuerza de ventas.<\/span><\/li>\n<li><span class=\"lst\">Definici\u00f3n grilla promocional por m\u00e9dico.<\/span><\/li>\n<\/ul>\n<p><img loading=\"lazy\" class=\"alignnone size-full wp-image-169\" src=\"http:\/\/www.targetintelligence.com.ar\/wordpress\/wp-content\/uploads\/2010\/11\/sep21.jpg\" alt=\"\" width=\"882\" height=\"50\" srcset=\"https:\/\/www.targetintelligence.com.ar\/wp-content\/uploads\/2010\/11\/sep21.jpg 882w, https:\/\/www.targetintelligence.com.ar\/wp-content\/uploads\/2010\/11\/sep21-600x34.jpg 600w, https:\/\/www.targetintelligence.com.ar\/wp-content\/uploads\/2010\/11\/sep21-300x17.jpg 300w\" sizes=\"(max-width: 882px) 100vw, 882px\" \/><\/p>\n","protected":false},"excerpt":{"rendered":"<p>De acuerdo a las necesidades de nuestros clientes, desarrollamos consultor\u00edas a medida en temas de segmentaci\u00f3n, targeting y productividad. Ejemplos de consultor\u00edas que hemos llevado a cabo: Segmentaci\u00f3n del target por velocidad de adopci\u00f3n de nuevos productos. Categorizaci\u00f3n de m\u00e9dicos incorporando variables cuali y cuantitativas. Determinaci\u00f3n de Efectividad del targeting. Validaci\u00f3n del target actual de [&hellip;]<\/p>\n","protected":false},"author":1,"featured_media":0,"parent":8,"menu_order":5,"comment_status":"closed","ping_status":"closed","template":"template-fullwidth.php","meta":[],"_links":{"self":[{"href":"https:\/\/www.targetintelligence.com.ar\/index.php?rest_route=\/wp\/v2\/pages\/166"}],"collection":[{"href":"https:\/\/www.targetintelligence.com.ar\/index.php?rest_route=\/wp\/v2\/pages"}],"about":[{"href":"https:\/\/www.targetintelligence.com.ar\/index.php?rest_route=\/wp\/v2\/types\/page"}],"author":[{"embeddable":true,"href":"https:\/\/www.targetintelligence.com.ar\/index.php?rest_route=\/wp\/v2\/users\/1"}],"replies":[{"embeddable":true,"href":"https:\/\/www.targetintelligence.com.ar\/index.php?rest_route=%2Fwp%2Fv2%2Fcomments&post=166"}],"version-history":[{"count":8,"href":"https:\/\/www.targetintelligence.com.ar\/index.php?rest_route=\/wp\/v2\/pages\/166\/revisions"}],"predecessor-version":[{"id":184,"href":"https:\/\/www.targetintelligence.com.ar\/index.php?rest_route=\/wp\/v2\/pages\/166\/revisions\/184"}],"up":[{"embeddable":true,"href":"https:\/\/www.targetintelligence.com.ar\/index.php?rest_route=\/wp\/v2\/pages\/8"}],"wp:attachment":[{"href":"https:\/\/www.targetintelligence.com.ar\/index.php?rest_route=%2Fwp%2Fv2%2Fmedia&parent=166"}],"curies":[{"name":"wp","href":"https:\/\/api.w.org\/{rel}","templated":true}]}}