{"id":172,"date":"2010-11-24T16:56:15","date_gmt":"2010-11-24T16:56:15","guid":{"rendered":"http:\/\/www.targetintelligence.com.ar\/wordpress\/?page_id=172"},"modified":"2010-12-10T20:32:47","modified_gmt":"2010-12-10T20:32:47","slug":"172-2","status":"publish","type":"page","link":"https:\/\/www.targetintelligence.com.ar\/?page_id=172","title":{"rendered":"Registro de Informaci\u00f3n de la pr\u00e1ctica m\u00e9dica"},"content":{"rendered":"<p><img loading=\"lazy\" class=\"alignnone size-full wp-image-173\" src=\"http:\/\/www.targetintelligence.com.ar\/wordpress\/wp-content\/uploads\/2010\/11\/soluciones_bannerRI.jpg\" alt=\"\" width=\"882\" height=\"440\" srcset=\"https:\/\/www.targetintelligence.com.ar\/wp-content\/uploads\/2010\/11\/soluciones_bannerRI.jpg 882w, https:\/\/www.targetintelligence.com.ar\/wp-content\/uploads\/2010\/11\/soluciones_bannerRI-600x299.jpg 600w, https:\/\/www.targetintelligence.com.ar\/wp-content\/uploads\/2010\/11\/soluciones_bannerRI-300x149.jpg 300w\" sizes=\"(max-width: 882px) 100vw, 882px\" \/><\/p>\n<p>Consiste en la documentaci\u00f3n sistematizada y enfocada \u2013por patolog\u00eda, producto o problema- de lo que el m\u00e9dico lleva a cabo en su pr\u00e1ctica asistencial a trav\u00e9s de la web. El objetivo de este repositorio es la generaci\u00f3n de informaci\u00f3n de tipo:<\/p>\n<p><strong>Acad\u00e9mica:<\/strong><\/p>\n<ul>\n<li><span class=\"lst\">Disponer de datos v\u00e1lidos de una patolog\u00eda (prevalencia, evoluci\u00f3n, complicaciones).<\/span><\/li>\n<li><span class=\"lst\">Desarrollar estudios observacionales.<\/span><\/li>\n<li><span class=\"lst\">Generaci\u00f3n de material para presentaciones y publicaciones.<\/span><\/li>\n<li><span class=\"lst\">Fortalecer la relaci\u00f3n con sociedades cient\u00edficas.<\/span><\/li>\n<\/ul>\n<p><strong>Farmaco econ\u00f3mica:<\/strong><\/p>\n<ul>\n<li><span class=\"lst\">Generaci\u00f3n del concepto de costo de enfermedad.<\/span><\/li>\n<li><span class=\"lst\">Evaluaci\u00f3n del consumo de recursos.<\/span><\/li>\n<li><span class=\"lst\">Negociaci\u00f3n con pagadores desde un enfoque diferente.<\/span><\/li>\n<\/ul>\n<p><img loading=\"lazy\" class=\"alignnone size-full wp-image-175\" src=\"http:\/\/www.targetintelligence.com.ar\/wordpress\/wp-content\/uploads\/2010\/11\/sep22.jpg\" alt=\"\" width=\"882\" height=\"50\" srcset=\"https:\/\/www.targetintelligence.com.ar\/wp-content\/uploads\/2010\/11\/sep22.jpg 882w, https:\/\/www.targetintelligence.com.ar\/wp-content\/uploads\/2010\/11\/sep22-600x34.jpg 600w, https:\/\/www.targetintelligence.com.ar\/wp-content\/uploads\/2010\/11\/sep22-300x17.jpg 300w\" sizes=\"(max-width: 882px) 100vw, 882px\" \/><\/p>\n","protected":false},"excerpt":{"rendered":"<p>Consiste en la documentaci\u00f3n sistematizada y enfocada \u2013por patolog\u00eda, producto o problema- de lo que el m\u00e9dico lleva a cabo en su pr\u00e1ctica asistencial a trav\u00e9s de la web. El objetivo de este repositorio es la generaci\u00f3n de informaci\u00f3n de tipo: Acad\u00e9mica: Disponer de datos v\u00e1lidos de una patolog\u00eda (prevalencia, evoluci\u00f3n, complicaciones). Desarrollar estudios observacionales. [&hellip;]<\/p>\n","protected":false},"author":1,"featured_media":0,"parent":8,"menu_order":6,"comment_status":"closed","ping_status":"closed","template":"template-fullwidth.php","meta":[],"_links":{"self":[{"href":"https:\/\/www.targetintelligence.com.ar\/index.php?rest_route=\/wp\/v2\/pages\/172"}],"collection":[{"href":"https:\/\/www.targetintelligence.com.ar\/index.php?rest_route=\/wp\/v2\/pages"}],"about":[{"href":"https:\/\/www.targetintelligence.com.ar\/index.php?rest_route=\/wp\/v2\/types\/page"}],"author":[{"embeddable":true,"href":"https:\/\/www.targetintelligence.com.ar\/index.php?rest_route=\/wp\/v2\/users\/1"}],"replies":[{"embeddable":true,"href":"https:\/\/www.targetintelligence.com.ar\/index.php?rest_route=%2Fwp%2Fv2%2Fcomments&post=172"}],"version-history":[{"count":12,"href":"https:\/\/www.targetintelligence.com.ar\/index.php?rest_route=\/wp\/v2\/pages\/172\/revisions"}],"predecessor-version":[{"id":177,"href":"https:\/\/www.targetintelligence.com.ar\/index.php?rest_route=\/wp\/v2\/pages\/172\/revisions\/177"}],"up":[{"embeddable":true,"href":"https:\/\/www.targetintelligence.com.ar\/index.php?rest_route=\/wp\/v2\/pages\/8"}],"wp:attachment":[{"href":"https:\/\/www.targetintelligence.com.ar\/index.php?rest_route=%2Fwp%2Fv2%2Fmedia&parent=172"}],"curies":[{"name":"wp","href":"https:\/\/api.w.org\/{rel}","templated":true}]}}