{"id":192,"date":"2010-11-24T17:25:26","date_gmt":"2010-11-24T17:25:26","guid":{"rendered":"http:\/\/www.targetintelligence.com.ar\/wordpress\/?page_id=192"},"modified":"2010-12-10T20:03:41","modified_gmt":"2010-12-10T20:03:41","slug":"programs","status":"publish","type":"page","link":"https:\/\/www.targetintelligence.com.ar\/?page_id=192","title":{"rendered":"Target Programs"},"content":{"rendered":"<p><img loading=\"lazy\" class=\"alignnone size-full wp-image-197\" src=\"http:\/\/www.targetintelligence.com.ar\/wordpress\/wp-content\/uploads\/2010\/11\/soluciones_bannerPrograms.jpg\" alt=\"\" width=\"882\" height=\"466\" srcset=\"https:\/\/www.targetintelligence.com.ar\/wp-content\/uploads\/2010\/11\/soluciones_bannerPrograms.jpg 882w, https:\/\/www.targetintelligence.com.ar\/wp-content\/uploads\/2010\/11\/soluciones_bannerPrograms-600x317.jpg 600w, https:\/\/www.targetintelligence.com.ar\/wp-content\/uploads\/2010\/11\/soluciones_bannerPrograms-300x158.jpg 300w\" sizes=\"(max-width: 882px) 100vw, 882px\" \/><\/p>\n<p>Su objetivo es fortalecer y profundizar la relaci\u00f3n de la compa\u00f1\u00eda con sus clientes valiosos, a trav\u00e9s de Workshops de educaci\u00f3n m\u00e9dica no tradicional, con temas de profundo inter\u00e9s para los m\u00e9dicos, especialmente en sus productos maduros.<\/p>\n<p>Estos proyectos \u201cllave en mano\u201d son desarrollados en lugares acordes a la compa\u00f1\u00eda y cuentan con  disertantes reconocidos en el mundo acad\u00e9mico y\/o en la industria farmac\u00e9utica.<\/p>\n<p>Algunos ejemplos de temas desarrollados:<\/p>\n<ul>\n<li><span class=\"lst\">Negociaci\u00f3n.<\/span><\/li>\n<li><span class=\"lst\">Satisfacci\u00f3n de pacientes.<\/span><\/li>\n<li><span class=\"lst\">Presentaciones efectivas \/ Oratoria.<\/span><\/li>\n<li><span class=\"lst\">Marketing para m\u00e9dicos.<\/span><\/li>\n<li><span class=\"lst\">Marketing y management de la salud<\/span><\/li>\n<li><span class=\"lst\">Prevenci\u00f3n de reclamos en la pr\u00e1ctica asistencial.<\/span><\/li>\n<li><span class=\"lst\">Bioestad\u00edstica e interpretaci\u00f3n de estudios cl\u00ednicos.<\/span><\/li>\n<li><span class=\"lst\">Farmaco econom\u00eda.<\/span><\/li>\n<li><span class=\"lst\">Investigaci\u00f3n cl\u00ednica.<\/span><\/li>\n<li><span class=\"lst\">Herramientas impositivas y contables.<\/span><\/li>\n<\/ul>\n<p><img loading=\"lazy\" class=\"alignnone size-full wp-image-195\" src=\"http:\/\/www.targetintelligence.com.ar\/wordpress\/wp-content\/uploads\/2010\/11\/sep24.jpg\" alt=\"\" width=\"882\" height=\"50\" srcset=\"https:\/\/www.targetintelligence.com.ar\/wp-content\/uploads\/2010\/11\/sep24.jpg 882w, https:\/\/www.targetintelligence.com.ar\/wp-content\/uploads\/2010\/11\/sep24-600x34.jpg 600w, https:\/\/www.targetintelligence.com.ar\/wp-content\/uploads\/2010\/11\/sep24-300x17.jpg 300w\" sizes=\"(max-width: 882px) 100vw, 882px\" \/><\/p>\n","protected":false},"excerpt":{"rendered":"<p>Su objetivo es fortalecer y profundizar la relaci\u00f3n de la compa\u00f1\u00eda con sus clientes valiosos, a trav\u00e9s de Workshops de educaci\u00f3n m\u00e9dica no tradicional, con temas de profundo inter\u00e9s para los m\u00e9dicos, especialmente en sus productos maduros. Estos proyectos \u201cllave en mano\u201d son desarrollados en lugares acordes a la compa\u00f1\u00eda y cuentan con disertantes reconocidos [&hellip;]<\/p>\n","protected":false},"author":1,"featured_media":0,"parent":8,"menu_order":8,"comment_status":"closed","ping_status":"closed","template":"template-fullwidth.php","meta":[],"_links":{"self":[{"href":"https:\/\/www.targetintelligence.com.ar\/index.php?rest_route=\/wp\/v2\/pages\/192"}],"collection":[{"href":"https:\/\/www.targetintelligence.com.ar\/index.php?rest_route=\/wp\/v2\/pages"}],"about":[{"href":"https:\/\/www.targetintelligence.com.ar\/index.php?rest_route=\/wp\/v2\/types\/page"}],"author":[{"embeddable":true,"href":"https:\/\/www.targetintelligence.com.ar\/index.php?rest_route=\/wp\/v2\/users\/1"}],"replies":[{"embeddable":true,"href":"https:\/\/www.targetintelligence.com.ar\/index.php?rest_route=%2Fwp%2Fv2%2Fcomments&post=192"}],"version-history":[{"count":12,"href":"https:\/\/www.targetintelligence.com.ar\/index.php?rest_route=\/wp\/v2\/pages\/192\/revisions"}],"predecessor-version":[{"id":287,"href":"https:\/\/www.targetintelligence.com.ar\/index.php?rest_route=\/wp\/v2\/pages\/192\/revisions\/287"}],"up":[{"embeddable":true,"href":"https:\/\/www.targetintelligence.com.ar\/index.php?rest_route=\/wp\/v2\/pages\/8"}],"wp:attachment":[{"href":"https:\/\/www.targetintelligence.com.ar\/index.php?rest_route=%2Fwp%2Fv2%2Fmedia&parent=192"}],"curies":[{"name":"wp","href":"https:\/\/api.w.org\/{rel}","templated":true}]}}