{"id":25,"date":"2010-10-21T18:53:26","date_gmt":"2010-10-21T18:53:26","guid":{"rendered":"http:\/\/tipologica.com\/ti\/?page_id=4"},"modified":"2012-10-17T15:35:49","modified_gmt":"2012-10-17T15:35:49","slug":"compania","status":"publish","type":"page","link":"https:\/\/www.targetintelligence.com.ar\/?page_id=25","title":{"rendered":"Compa\u00f1ia"},"content":{"rendered":"<ul>\n<li><span class=\"lst\">Target Intelligence es una <strong>compa\u00f1\u00eda regional en Latinoam\u00e9rica<\/strong> con <strong>amplia experiencia<\/strong> en la industria farmac\u00e9utica y con filiales en varios pa\u00edses.<\/span><\/li>\n<li><span class=\"lst\">Actualmente damos apoyo y consultor\u00eda a clientes que requieren nuestros servicios a nivel regional y a nivel pa\u00eds.<\/span><\/li>\n<li><span class=\"lst\">Nuestros profesionales tienen una <strong>vasta experiencia en posiciones ejecutivas<\/strong> en distintas compa\u00f1\u00edas farmac\u00e9uticas de la regi\u00f3n y en diversas \u00e1reas funcionales (Management, Marketing, Ventas, Medical, Business Intelligence, Tecnolog\u00eda, entre otras).<\/span><\/li>\n<li><span class=\"lst\">Estamos convencidos que toda esa <strong>Experiencia<\/strong>, sumada a la <strong>Innovaci\u00f3n<\/strong>, pueden convertirse en soluciones estrat\u00e9gicas y t\u00e1cticas que impacten positivamente en la <strong>Rentabilidad<\/strong> de nuestros clientes.<\/span><\/li>\n<\/ul>\n<h3><img loading=\"lazy\" class=\"alignnone size-full wp-image-60\" title=\"bullet\" src=\"http:\/\/www.targetintelligence.com.ar\/wordpress\/wp-content\/uploads\/2010\/10\/bullet.jpg\" alt=\"\" width=\"12\" height=\"12\" \/> <strong> Trayectoria<\/strong><\/h3>\n<p>En <strong>2004<\/strong> iniciamos nuestra actividad en Argentina como proveedores de soluciones efectivas para las principales compa\u00f1\u00edas multinacionales y destacadas compa\u00f1\u00edas locales l\u00edderes.<br \/>\n<br \/>\n<img loading=\"lazy\" class=\"alignnone size-full wp-image-56\" title=\"ti-compania-actualmente\" src=\"http:\/\/www.targetintelligence.com.ar\/wordpress\/wp-content\/uploads\/2012\/10\/ti-compania-actualmente.jpg\" alt=\"\" width=\"861\" height=\"265\" \/><br \/>\n<br \/>\nEn el Segundo semestre de 2012, hemos tomado la decisi\u00f3n estrat\u00e9gica de expandir nuestro negocio en algunos pa\u00edses de Latinoam\u00e9rica &#8211;<strong>Colombia y Per\u00fa<\/strong> en esta primera etapa- para poder estar m\u00e1s cerca de nuestros clientes a trav\u00e9s de estructuras locales, que nos provean tal perspectiva y nos permitan atenderlos mejor.<\/p>\n<h3><img loading=\"lazy\" class=\"alignnone size-full wp-image-60\" title=\"bullet\" src=\"http:\/\/www.targetintelligence.com.ar\/wordpress\/wp-content\/uploads\/2010\/10\/bullet.jpg\" alt=\"\" width=\"12\" height=\"12\" \/> <strong> Nuestro Diferencial<\/strong><\/h3>\n<ul>\n<li><span class=\"lst\">Profundo <strong>entendimiento, conocimiento y experiencia<\/strong> del negocio farmac\u00e9utico.<\/span><\/li>\n<li><span class=\"lst\"><strong>Desarrollo continuo<\/strong> de productos tecnol\u00f3gicos innovadores y de m\u00e1xima confiabilidad y de soluciones de consultor\u00eda a la medida, <strong>relevantes<\/strong> y de <strong>alto impacto<\/strong> para el negocio.<\/span><\/li>\n<li><span class=\"lst\">Servicio de <strong>calidad superior, veloz, confiable y customizado.<\/strong><\/span><\/li>\n<li><span class=\"lst\">Nos involucramos y comprometemos en los proyectos como <strong>\u201cBusiness Partners\u201d<\/strong> o como si fu\u00e9ramos empleados de la compa\u00f1\u00eda pero sin ser parte de la n\u00f3mina.<\/span><\/li>\n<\/ul>\n","protected":false},"excerpt":{"rendered":"<p>Target Intelligence es una compa\u00f1\u00eda regional en Latinoam\u00e9rica con amplia experiencia en la industria farmac\u00e9utica y con filiales en varios pa\u00edses. Actualmente damos apoyo y consultor\u00eda a clientes que requieren nuestros servicios a nivel regional y a nivel pa\u00eds. Nuestros profesionales tienen una vasta experiencia en posiciones ejecutivas en distintas compa\u00f1\u00edas farmac\u00e9uticas de la regi\u00f3n [&hellip;]<\/p>\n","protected":false},"author":1,"featured_media":0,"parent":0,"menu_order":0,"comment_status":"closed","ping_status":"closed","template":"template-fullwidth.php","meta":[],"_links":{"self":[{"href":"https:\/\/www.targetintelligence.com.ar\/index.php?rest_route=\/wp\/v2\/pages\/25"}],"collection":[{"href":"https:\/\/www.targetintelligence.com.ar\/index.php?rest_route=\/wp\/v2\/pages"}],"about":[{"href":"https:\/\/www.targetintelligence.com.ar\/index.php?rest_route=\/wp\/v2\/types\/page"}],"author":[{"embeddable":true,"href":"https:\/\/www.targetintelligence.com.ar\/index.php?rest_route=\/wp\/v2\/users\/1"}],"replies":[{"embeddable":true,"href":"https:\/\/www.targetintelligence.com.ar\/index.php?rest_route=%2Fwp%2Fv2%2Fcomments&post=25"}],"version-history":[{"count":40,"href":"https:\/\/www.targetintelligence.com.ar\/index.php?rest_route=\/wp\/v2\/pages\/25\/revisions"}],"predecessor-version":[{"id":403,"href":"https:\/\/www.targetintelligence.com.ar\/index.php?rest_route=\/wp\/v2\/pages\/25\/revisions\/403"}],"wp:attachment":[{"href":"https:\/\/www.targetintelligence.com.ar\/index.php?rest_route=%2Fwp%2Fv2%2Fmedia&parent=25"}],"curies":[{"name":"wp","href":"https:\/\/api.w.org\/{rel}","templated":true}]}}