{"id":35,"date":"2010-10-30T16:33:43","date_gmt":"2010-10-30T16:33:43","guid":{"rendered":"http:\/\/tipologica.com\/ti\/?page_id=35"},"modified":"2010-12-10T18:17:19","modified_gmt":"2010-12-10T18:17:19","slug":"target-matrix","status":"publish","type":"page","link":"https:\/\/www.targetintelligence.com.ar\/?page_id=35","title":{"rendered":"target matrix"},"content":{"rendered":"<p><img loading=\"lazy\" class=\"alignnone size-full wp-image-133\" src=\"http:\/\/www.targetintelligence.com.ar\/wordpress\/wp-content\/uploads\/2010\/10\/soluciones_bannerMatrix.jpg\" alt=\"\" width=\"882\" height=\"379\" srcset=\"https:\/\/www.targetintelligence.com.ar\/wp-content\/uploads\/2010\/10\/soluciones_bannerMatrix.jpg 882w, https:\/\/www.targetintelligence.com.ar\/wp-content\/uploads\/2010\/10\/soluciones_bannerMatrix-600x258.jpg 600w, https:\/\/www.targetintelligence.com.ar\/wp-content\/uploads\/2010\/10\/soluciones_bannerMatrix-300x128.jpg 300w\" sizes=\"(max-width: 882px) 100vw, 882px\" \/><\/p>\n<h3><img loading=\"lazy\" class=\"alignnone size-full wp-image-60\" title=\"bullet\" src=\"http:\/\/www.targetintelligence.com.ar\/wordpress\/wp-content\/uploads\/2010\/10\/bullet.jpg\" alt=\"\" width=\"12\" height=\"12\" \/> <strong>\u00bfQu\u00e9 es Target Matrix?<\/strong><\/h3>\n<p>Es una poderosa herramienta tecnol\u00f3gica para la segmentaci\u00f3n del target actual y potencial de la compa\u00f1\u00eda.<br \/>\nEs un software independiente que opera en funci\u00f3n de las necesidades y la informaci\u00f3n de los m\u00e9dicos disponible en la compa\u00f1\u00eda.<\/p>\n<h3><img loading=\"lazy\" class=\"alignnone size-full wp-image-60\" title=\"bullet\" src=\"http:\/\/www.targetintelligence.com.ar\/wordpress\/wp-content\/uploads\/2010\/10\/bullet.jpg\" alt=\"\" width=\"12\" height=\"12\" \/> <strong>Ventajas<\/strong><\/h3>\n<p>La segmentaci\u00f3n con Target Matrix tiene las siguientes ventajas que las hacen adaptables y personalizables a cada compa\u00f1\u00eda:<\/p>\n<ol>\n<li><span class=\"lst\">Se puede llevar a cabo no s\u00f3lo en prescripciones sino tambi\u00e9n valorizando las mismas \u2013ya sea en moneda local o en otras monedas.<\/span><\/li>\n<li><span class=\"lst\">Se puede ajustar incorporando par\u00e1metros definidos por el cliente que incluyan, por ejemplo, informaci\u00f3n cualitativa relevada internamente.<\/span><\/li>\n<li><span class=\"lst\">Permite m\u00faltiples selecciones de puntos de corte que reflejen las necesidades de cada cliente.<\/span><\/li>\n<li><span class=\"lst\">Permite, asimismo, an\u00e1lisis din\u00e1micos de dos per\u00edodos.<\/span><\/li>\n<li><span class=\"lst\">Aplicable a\u00fan sin contar auditor\u00eda de prescripciones, lo que la hace de utilidad tambi\u00e9n en \u00e1reas de especialidades.<\/span><\/li>\n<\/ol>\n","protected":false},"excerpt":{"rendered":"<p>\u00bfQu\u00e9 es Target Matrix? Es una poderosa herramienta tecnol\u00f3gica para la segmentaci\u00f3n del target actual y potencial de la compa\u00f1\u00eda. Es un software independiente que opera en funci\u00f3n de las necesidades y la informaci\u00f3n de los m\u00e9dicos disponible en la compa\u00f1\u00eda. Ventajas La segmentaci\u00f3n con Target Matrix tiene las siguientes ventajas que las hacen adaptables [&hellip;]<\/p>\n","protected":false},"author":1,"featured_media":0,"parent":8,"menu_order":0,"comment_status":"closed","ping_status":"closed","template":"template-fullwidth.php","meta":[],"_links":{"self":[{"href":"https:\/\/www.targetintelligence.com.ar\/index.php?rest_route=\/wp\/v2\/pages\/35"}],"collection":[{"href":"https:\/\/www.targetintelligence.com.ar\/index.php?rest_route=\/wp\/v2\/pages"}],"about":[{"href":"https:\/\/www.targetintelligence.com.ar\/index.php?rest_route=\/wp\/v2\/types\/page"}],"author":[{"embeddable":true,"href":"https:\/\/www.targetintelligence.com.ar\/index.php?rest_route=\/wp\/v2\/users\/1"}],"replies":[{"embeddable":true,"href":"https:\/\/www.targetintelligence.com.ar\/index.php?rest_route=%2Fwp%2Fv2%2Fcomments&post=35"}],"version-history":[{"count":20,"href":"https:\/\/www.targetintelligence.com.ar\/index.php?rest_route=\/wp\/v2\/pages\/35\/revisions"}],"predecessor-version":[{"id":132,"href":"https:\/\/www.targetintelligence.com.ar\/index.php?rest_route=\/wp\/v2\/pages\/35\/revisions\/132"}],"up":[{"embeddable":true,"href":"https:\/\/www.targetintelligence.com.ar\/index.php?rest_route=\/wp\/v2\/pages\/8"}],"wp:attachment":[{"href":"https:\/\/www.targetintelligence.com.ar\/index.php?rest_route=%2Fwp%2Fv2%2Fmedia&parent=35"}],"curies":[{"name":"wp","href":"https:\/\/api.w.org\/{rel}","templated":true}]}}