{"id":37,"date":"2010-10-30T16:34:09","date_gmt":"2010-10-30T16:34:09","guid":{"rendered":"http:\/\/tipologica.com\/ti\/?page_id=37"},"modified":"2010-12-10T20:04:25","modified_gmt":"2010-12-10T20:04:25","slug":"target-alerts","status":"publish","type":"page","link":"https:\/\/www.targetintelligence.com.ar\/?page_id=37","title":{"rendered":"target alerts"},"content":{"rendered":"<p><img loading=\"lazy\" class=\"alignnone size-full wp-image-147\" src=\"http:\/\/www.targetintelligence.com.ar\/wordpress\/wp-content\/uploads\/2010\/10\/soluciones_bannerAlerts.jpg\" alt=\"\" width=\"882\" height=\"324\" srcset=\"https:\/\/www.targetintelligence.com.ar\/wp-content\/uploads\/2010\/10\/soluciones_bannerAlerts.jpg 882w, https:\/\/www.targetintelligence.com.ar\/wp-content\/uploads\/2010\/10\/soluciones_bannerAlerts-600x220.jpg 600w, https:\/\/www.targetintelligence.com.ar\/wp-content\/uploads\/2010\/10\/soluciones_bannerAlerts-300x110.jpg 300w\" sizes=\"(max-width: 882px) 100vw, 882px\" \/><\/p>\n<p>Habitualmente la demanda corporativa interna hace dificultoso el an\u00e1lisis sistem\u00e1tico del target.<\/p>\n<p>Target Alerts ofrece, a partir de la informaci\u00f3n contenida en Target Matrix, el an\u00e1lisis del target en forma externa y el env\u00edo a la compa\u00f1\u00eda de alertas por mail, para la toma de decisiones r\u00e1pidas.<\/p>\n","protected":false},"excerpt":{"rendered":"<p>Habitualmente la demanda corporativa interna hace dificultoso el an\u00e1lisis sistem\u00e1tico del target. Target Alerts ofrece, a partir de la informaci\u00f3n contenida en Target Matrix, el an\u00e1lisis del target en forma externa y el env\u00edo a la compa\u00f1\u00eda de alertas por mail, para la toma de decisiones r\u00e1pidas.<\/p>\n","protected":false},"author":1,"featured_media":0,"parent":8,"menu_order":1,"comment_status":"closed","ping_status":"closed","template":"template-fullwidth.php","meta":[],"_links":{"self":[{"href":"https:\/\/www.targetintelligence.com.ar\/index.php?rest_route=\/wp\/v2\/pages\/37"}],"collection":[{"href":"https:\/\/www.targetintelligence.com.ar\/index.php?rest_route=\/wp\/v2\/pages"}],"about":[{"href":"https:\/\/www.targetintelligence.com.ar\/index.php?rest_route=\/wp\/v2\/types\/page"}],"author":[{"embeddable":true,"href":"https:\/\/www.targetintelligence.com.ar\/index.php?rest_route=\/wp\/v2\/users\/1"}],"replies":[{"embeddable":true,"href":"https:\/\/www.targetintelligence.com.ar\/index.php?rest_route=%2Fwp%2Fv2%2Fcomments&post=37"}],"version-history":[{"count":7,"href":"https:\/\/www.targetintelligence.com.ar\/index.php?rest_route=\/wp\/v2\/pages\/37\/revisions"}],"predecessor-version":[{"id":289,"href":"https:\/\/www.targetintelligence.com.ar\/index.php?rest_route=\/wp\/v2\/pages\/37\/revisions\/289"}],"up":[{"embeddable":true,"href":"https:\/\/www.targetintelligence.com.ar\/index.php?rest_route=\/wp\/v2\/pages\/8"}],"wp:attachment":[{"href":"https:\/\/www.targetintelligence.com.ar\/index.php?rest_route=%2Fwp%2Fv2%2Fmedia&parent=37"}],"curies":[{"name":"wp","href":"https:\/\/api.w.org\/{rel}","templated":true}]}}