{"id":370,"date":"2012-10-15T19:05:09","date_gmt":"2012-10-15T19:05:09","guid":{"rendered":"http:\/\/www.targetintelligence.com.ar\/wordpress\/?page_id=370"},"modified":"2012-10-17T15:46:09","modified_gmt":"2012-10-17T15:46:09","slug":"business-support","status":"publish","type":"page","link":"https:\/\/www.targetintelligence.com.ar\/?page_id=370","title":{"rendered":"Business Support"},"content":{"rendered":"<p><strong>Ejemplos de soporte externo que llevamos a cabo:<\/strong><\/p>\n<ul>\n<li><span class=\"lst\"> Tercerizaci\u00f3n de procesos t\u00e1cticos y operativos (Reportes ad-hoc).<\/li>\n<li><span class=\"lst\"> Matching de Base de Datos.<\/li>\n<li><span class=\"lst\"> Administraci\u00f3n del plan de incentivos de los representantes de ventas.<\/li>\n<li><span class=\"lst\"> Consolidaci\u00f3n informaci\u00f3n de distribuidores.<\/li>\n<\/ul>\n<p><img loading=\"lazy\" class=\"alignnone size-full wp-image-187\" src=\"http:\/\/www.targetintelligence.com.ar\/wordpress\/wp-content\/uploads\/2010\/11\/sep23.jpg\" alt=\"\" width=\"882\" height=\"50\" srcset=\"https:\/\/www.targetintelligence.com.ar\/wp-content\/uploads\/2010\/11\/sep23.jpg 882w, https:\/\/www.targetintelligence.com.ar\/wp-content\/uploads\/2010\/11\/sep23-600x34.jpg 600w, https:\/\/www.targetintelligence.com.ar\/wp-content\/uploads\/2010\/11\/sep23-300x17.jpg 300w\" sizes=\"(max-width: 882px) 100vw, 882px\" \/><\/p>\n","protected":false},"excerpt":{"rendered":"<p>Ejemplos de soporte externo que llevamos a cabo: Tercerizaci\u00f3n de procesos t\u00e1cticos y operativos (Reportes ad-hoc). Matching de Base de Datos. Administraci\u00f3n del plan de incentivos de los representantes de ventas. Consolidaci\u00f3n informaci\u00f3n de distribuidores.<\/p>\n","protected":false},"author":1,"featured_media":0,"parent":0,"menu_order":0,"comment_status":"closed","ping_status":"closed","template":"template-fullwidth.php","meta":[],"_links":{"self":[{"href":"https:\/\/www.targetintelligence.com.ar\/index.php?rest_route=\/wp\/v2\/pages\/370"}],"collection":[{"href":"https:\/\/www.targetintelligence.com.ar\/index.php?rest_route=\/wp\/v2\/pages"}],"about":[{"href":"https:\/\/www.targetintelligence.com.ar\/index.php?rest_route=\/wp\/v2\/types\/page"}],"author":[{"embeddable":true,"href":"https:\/\/www.targetintelligence.com.ar\/index.php?rest_route=\/wp\/v2\/users\/1"}],"replies":[{"embeddable":true,"href":"https:\/\/www.targetintelligence.com.ar\/index.php?rest_route=%2Fwp%2Fv2%2Fcomments&post=370"}],"version-history":[{"count":6,"href":"https:\/\/www.targetintelligence.com.ar\/index.php?rest_route=\/wp\/v2\/pages\/370\/revisions"}],"predecessor-version":[{"id":381,"href":"https:\/\/www.targetintelligence.com.ar\/index.php?rest_route=\/wp\/v2\/pages\/370\/revisions\/381"}],"wp:attachment":[{"href":"https:\/\/www.targetintelligence.com.ar\/index.php?rest_route=%2Fwp%2Fv2%2Fmedia&parent=370"}],"curies":[{"name":"wp","href":"https:\/\/api.w.org\/{rel}","templated":true}]}}