{"id":396,"date":"2013-04-24T22:08:20","date_gmt":"2013-04-24T22:08:20","guid":{"rendered":"http:\/\/www.targetintelligence.com.ar\/wordpress\/?page_id=396"},"modified":"2013-04-24T22:08:54","modified_gmt":"2013-04-24T22:08:54","slug":"market-research","status":"publish","type":"page","link":"https:\/\/www.targetintelligence.com.ar\/?page_id=396","title":{"rendered":"Market Research"},"content":{"rendered":"<p><strong><span style=\"text-decoration: underline;\">\u00bfPor qu\u00e9 elegirnos para su pr\u00f3xima investigaci\u00f3n de mercado?<\/span><\/strong><\/p>\n<ul>\n<li><span style=\"color: #000000;\">Porque vemos a la investigaci\u00f3n de mercado como un socio clave de marketing y <strong>brindamos una perspectiva estrat\u00e9gica<\/strong> en todos los proyectos.<\/span><\/li>\n<\/ul>\n<ul>\n<li><span style=\"color: #000000;\">Porque trabajamos en la industria farmac\u00e9utica y <strong>sabemos cu\u00e1l debe ser el proceso de investigaci\u00f3n de mercado para asegurar una r\u00e1pida penetraci\u00f3n<\/strong> en el lanzamiento de nuevos productos.<\/span><\/li>\n<\/ul>\n<ul>\n<li><span style=\"color: #000000;\">Porque <strong>contamos con una s\u00f3lida red de socios en Latinoam\u00e9rica<\/strong> que nos permite identificar, para cada proyecto, los mejores moderadores, reclutadores y traductores para asegurar la entrega de resultados con la calidad y plazos acordados.<\/span><\/li>\n<\/ul>\n<ul>\n<li><span style=\"color: #000000;\">Porque <strong>dise\u00f1amos soluciones basadas en informaci\u00f3n diagn\u00f3stica y pronostica<\/strong> en respuesta a los objetivos de marketing de nuestros clientes.<\/span><\/li>\n<\/ul>\n<ul>\n<li><span style=\"color: #000000;\">Porque <strong>planificamos estrategias que traducen la informaci\u00f3n en insights relevantes<\/strong> y sumamos valor para la toma de decisiones.<\/span><\/li>\n<\/ul>\n<ul>\n<li><span style=\"color: #000000;\">Porque <strong>realizamos un\u00a0seguimiento personalizado\u00a0y permanente<\/strong> en cada etapa del proceso de investigaci\u00f3n.<\/span><\/li>\n<\/ul>\n<ul>\n<li><span style=\"color: #000000;\">Porque <strong>tenemos experiencia en numerosas \u00e1reas terap\u00e9uticas<\/strong> que involucran a m\u00faltiples especialidades m\u00e9dicas.<\/span><\/li>\n<\/ul>\n<ul>\n<li><span style=\"color: #000000;\">Porque <strong>ofrecemos una amplia gama de metodolog\u00edas de investigaci\u00f3n:<\/strong> <\/span>\n<ul>\n<li><span style=\"color: #000000;\">Entrevistas en profundidad -personales, telef\u00f3nicas-<\/span><\/li>\n<li><span style=\"color: #000000;\">Encuestas v\u00eda Internet<\/span><\/li>\n<li><span style=\"color: #000000;\">Focus Groups<\/span><\/li>\n<li><span style=\"color: #000000;\">Encuestas con cuestionario semi estructurado,<\/span><\/li>\n<li><span style=\"color: #000000;\">Estudios ad hoc: <\/span>\n<ul>\n<li><span style=\"color: #000000;\">sensibilidad de precio,<\/span><\/li>\n<li><span style=\"color: #000000;\">imagen corporativa,<\/span><\/li>\n<li><span style=\"color: #000000;\">seguimiento de marca<\/span><\/li>\n<\/ul>\n<\/li>\n<\/ul>\n<\/li>\n<\/ul>\n","protected":false},"excerpt":{"rendered":"<p>\u00bfPor qu\u00e9 elegirnos para su pr\u00f3xima investigaci\u00f3n de mercado? Porque vemos a la investigaci\u00f3n de mercado como un socio clave de marketing y brindamos una perspectiva estrat\u00e9gica en todos los proyectos. Porque trabajamos en la industria farmac\u00e9utica y sabemos cu\u00e1l debe ser el proceso de investigaci\u00f3n de mercado para asegurar una r\u00e1pida penetraci\u00f3n en el [&hellip;]<\/p>\n","protected":false},"author":1,"featured_media":0,"parent":0,"menu_order":0,"comment_status":"closed","ping_status":"closed","template":"","meta":[],"_links":{"self":[{"href":"https:\/\/www.targetintelligence.com.ar\/index.php?rest_route=\/wp\/v2\/pages\/396"}],"collection":[{"href":"https:\/\/www.targetintelligence.com.ar\/index.php?rest_route=\/wp\/v2\/pages"}],"about":[{"href":"https:\/\/www.targetintelligence.com.ar\/index.php?rest_route=\/wp\/v2\/types\/page"}],"author":[{"embeddable":true,"href":"https:\/\/www.targetintelligence.com.ar\/index.php?rest_route=\/wp\/v2\/users\/1"}],"replies":[{"embeddable":true,"href":"https:\/\/www.targetintelligence.com.ar\/index.php?rest_route=%2Fwp%2Fv2%2Fcomments&post=396"}],"version-history":[{"count":3,"href":"https:\/\/www.targetintelligence.com.ar\/index.php?rest_route=\/wp\/v2\/pages\/396\/revisions"}],"predecessor-version":[{"id":399,"href":"https:\/\/www.targetintelligence.com.ar\/index.php?rest_route=\/wp\/v2\/pages\/396\/revisions\/399"}],"wp:attachment":[{"href":"https:\/\/www.targetintelligence.com.ar\/index.php?rest_route=%2Fwp%2Fv2%2Fmedia&parent=396"}],"curies":[{"name":"wp","href":"https:\/\/api.w.org\/{rel}","templated":true}]}}