{"id":434,"date":"2015-06-15T11:41:11","date_gmt":"2015-06-15T14:41:11","guid":{"rendered":"http:\/\/www.targetintelligence.com.ar\/wordpress\/?page_id=434"},"modified":"2016-07-11T17:55:21","modified_gmt":"2016-07-11T20:55:21","slug":"crf-electronico","status":"publish","type":"page","link":"https:\/\/www.targetintelligence.com.ar\/?page_id=434","title":{"rendered":"CRF ELECTR\u00d3NICO"},"content":{"rendered":"<p style=\"text-align: center;\"><img loading=\"lazy\" class=\"aligncenter size-full wp-image-435\" title=\"CRF-Electronico-Logo\" src=\"http:\/\/www.targetintelligence.com.ar\/wordpress\/wp-content\/uploads\/2015\/06\/CRF-Electronico-Logo.jpg\" alt=\"\" width=\"260\" height=\"63\" \/><\/p>\n<h1>Desarrollamos formularios electr\u00f3nicos <span style=\"font-weight: normal;\">de recolecci\u00f3n de datos para diversos tipos de estudios<\/span><\/h1>\n<div id=\"_mcePaste\">\n<ul>\n<li><span style=\"color: #000000;\">Epidemiol\u00f3gicos<\/span><\/li>\n<li><span style=\"color: #000000;\">Observacionales<\/span><\/li>\n<li><span style=\"color: #000000;\">F\u00e1rmaco vigilancia<\/span><\/li>\n<li><span style=\"color: #000000;\">Otros<\/span><\/li>\n<\/ul>\n<\/div>\n<h1>Caracter\u00edsticas distintivas<\/h1>\n<div id=\"_mcePaste\">\n<ul>\n<li><span style=\"color: #000000;\">Acceso seguro a trav\u00e9s de https<\/span><\/li>\n<li><span style=\"color: #000000;\">Implementaci\u00f3n de reglas de validaci\u00f3n y trazabilidad de modificaciones para auditor\u00eda<\/span><\/li>\n<li><span style=\"color: #000000;\">Posibilidad de generaci\u00f3n online de queries y su resoluci\u00f3n<\/span><\/li>\n<li><span style=\"color: #000000;\">Generaci\u00f3n y distribuci\u00f3n autom\u00e1tica de reportes b\u00e1sicos<\/span><\/li>\n<\/ul>\n<\/div>\n","protected":false},"excerpt":{"rendered":"<p>Desarrollamos formularios electr\u00f3nicos de recolecci\u00f3n de datos para diversos tipos de estudios Epidemiol\u00f3gicos Observacionales F\u00e1rmaco vigilancia Otros Caracter\u00edsticas distintivas Acceso seguro a trav\u00e9s de https Implementaci\u00f3n de reglas de validaci\u00f3n y trazabilidad de modificaciones para auditor\u00eda Posibilidad de generaci\u00f3n online de queries y su resoluci\u00f3n Generaci\u00f3n y distribuci\u00f3n autom\u00e1tica de reportes b\u00e1sicos<\/p>\n","protected":false},"author":1,"featured_media":0,"parent":0,"menu_order":0,"comment_status":"closed","ping_status":"open","template":"template-fullwidth.php","meta":[],"_links":{"self":[{"href":"https:\/\/www.targetintelligence.com.ar\/index.php?rest_route=\/wp\/v2\/pages\/434"}],"collection":[{"href":"https:\/\/www.targetintelligence.com.ar\/index.php?rest_route=\/wp\/v2\/pages"}],"about":[{"href":"https:\/\/www.targetintelligence.com.ar\/index.php?rest_route=\/wp\/v2\/types\/page"}],"author":[{"embeddable":true,"href":"https:\/\/www.targetintelligence.com.ar\/index.php?rest_route=\/wp\/v2\/users\/1"}],"replies":[{"embeddable":true,"href":"https:\/\/www.targetintelligence.com.ar\/index.php?rest_route=%2Fwp%2Fv2%2Fcomments&post=434"}],"version-history":[{"count":5,"href":"https:\/\/www.targetintelligence.com.ar\/index.php?rest_route=\/wp\/v2\/pages\/434\/revisions"}],"predecessor-version":[{"id":454,"href":"https:\/\/www.targetintelligence.com.ar\/index.php?rest_route=\/wp\/v2\/pages\/434\/revisions\/454"}],"wp:attachment":[{"href":"https:\/\/www.targetintelligence.com.ar\/index.php?rest_route=%2Fwp%2Fv2%2Fmedia&parent=434"}],"curies":[{"name":"wp","href":"https:\/\/api.w.org\/{rel}","templated":true}]}}